{"id":10,"date":"2023-11-30T20:24:17","date_gmt":"2023-11-30T20:24:17","guid":{"rendered":"https:\/\/mizuho.54-37-30-71.plesk.page\/?page_id=10"},"modified":"2024-06-07T09:24:06","modified_gmt":"2024-06-07T09:24:06","slug":"exhibition","status":"publish","type":"page","link":"https:\/\/mizuho-tanaka.fr\/ja\/exhibition\/","title":{"rendered":"Exhibitions"},"content":{"rendered":"<figure class=\"wp-block-image aligncenter size-large\"><img decoding=\"async\" class=\"wp-image-143\" src=\"https:\/\/mizuho-tanaka.fr\/wp-content\/uploads\/2024\/06\/IMG_9956-1.jpg\" alt=\"\" \/><\/figure>\n<figure class=\"wp-block-image aligncenter size-large\"><img decoding=\"async\" width=\"819\" height=\"1024\" class=\"wp-image-143\" src=\"https:\/\/mizuho.54-37-30-71.plesk.page\/wp-content\/uploads\/2023\/12\/C91C25C9-2DB9-4130-8445-5D765648A282-819x1024.jpg\" alt=\"\" srcset=\"https:\/\/mizuho-tanaka.fr\/wp-content\/uploads\/2023\/12\/C91C25C9-2DB9-4130-8445-5D765648A282-819x1024.jpg 819w, https:\/\/mizuho-tanaka.fr\/wp-content\/uploads\/2023\/12\/C91C25C9-2DB9-4130-8445-5D765648A282-300x375.jpg 300w, https:\/\/mizuho-tanaka.fr\/wp-content\/uploads\/2023\/12\/C91C25C9-2DB9-4130-8445-5D765648A282-600x750.jpg 600w, https:\/\/mizuho-tanaka.fr\/wp-content\/uploads\/2023\/12\/C91C25C9-2DB9-4130-8445-5D765648A282-240x300.jpg 240w, https:\/\/mizuho-tanaka.fr\/wp-content\/uploads\/2023\/12\/C91C25C9-2DB9-4130-8445-5D765648A282-768x960.jpg 768w, https:\/\/mizuho-tanaka.fr\/wp-content\/uploads\/2023\/12\/C91C25C9-2DB9-4130-8445-5D765648A282-1229x1536.jpg 1229w, https:\/\/mizuho-tanaka.fr\/wp-content\/uploads\/2023\/12\/C91C25C9-2DB9-4130-8445-5D765648A282-1638x2048.jpg 1638w, https:\/\/mizuho-tanaka.fr\/wp-content\/uploads\/2023\/12\/C91C25C9-2DB9-4130-8445-5D765648A282.jpg 1772w\" sizes=\"(max-width: 819px) 100vw, 819px\" \/><\/figure>\n<figure class=\"wp-block-image aligncenter size-large is-resized\"><img decoding=\"async\" width=\"768\" height=\"1024\" class=\"wp-image-149\" style=\"width: 620px; height: auto;\" src=\"https:\/\/mizuho.54-37-30-71.plesk.page\/wp-content\/uploads\/2023\/12\/MIZUHO-TANAKA-2-JUIN-23-768x1024.jpg\" alt=\"\" srcset=\"https:\/\/mizuho-tanaka.fr\/wp-content\/uploads\/2023\/12\/MIZUHO-TANAKA-2-JUIN-23-768x1024.jpg 768w, https:\/\/mizuho-tanaka.fr\/wp-content\/uploads\/2023\/12\/MIZUHO-TANAKA-2-JUIN-23-300x400.jpg 300w, https:\/\/mizuho-tanaka.fr\/wp-content\/uploads\/2023\/12\/MIZUHO-TANAKA-2-JUIN-23-600x800.jpg 600w, https:\/\/mizuho-tanaka.fr\/wp-content\/uploads\/2023\/12\/MIZUHO-TANAKA-2-JUIN-23-225x300.jpg 225w, https:\/\/mizuho-tanaka.fr\/wp-content\/uploads\/2023\/12\/MIZUHO-TANAKA-2-JUIN-23-1152x1536.jpg 1152w, https:\/\/mizuho-tanaka.fr\/wp-content\/uploads\/2023\/12\/MIZUHO-TANAKA-2-JUIN-23-1536x2048.jpg 1536w, https:\/\/mizuho-tanaka.fr\/wp-content\/uploads\/2023\/12\/MIZUHO-TANAKA-2-JUIN-23.jpg 1772w\" sizes=\"(max-width: 768px) 100vw, 768px\" \/><\/figure>\n<figure class=\"wp-block-image aligncenter size-large\"><img decoding=\"async\" width=\"1007\" height=\"1024\" class=\"wp-image-144\" src=\"https:\/\/mizuho.54-37-30-71.plesk.page\/wp-content\/uploads\/2023\/12\/IMG_1494-1007x1024.jpg\" alt=\"\" srcset=\"https:\/\/mizuho-tanaka.fr\/wp-content\/uploads\/2023\/12\/IMG_1494-1007x1024.jpg 1007w, https:\/\/mizuho-tanaka.fr\/wp-content\/uploads\/2023\/12\/IMG_1494-300x305.jpg 300w, https:\/\/mizuho-tanaka.fr\/wp-content\/uploads\/2023\/12\/IMG_1494-600x610.jpg 600w, https:\/\/mizuho-tanaka.fr\/wp-content\/uploads\/2023\/12\/IMG_1494-295x300.jpg 295w, https:\/\/mizuho-tanaka.fr\/wp-content\/uploads\/2023\/12\/IMG_1494-768x781.jpg 768w, https:\/\/mizuho-tanaka.fr\/wp-content\/uploads\/2023\/12\/IMG_1494.jpg 1148w\" sizes=\"(max-width: 1007px) 100vw, 1007px\" \/><\/figure>\n<figure class=\"wp-block-image aligncenter size-large\"><img decoding=\"async\" width=\"1024\" height=\"1024\" class=\"wp-image-146\" src=\"https:\/\/mizuho.54-37-30-71.plesk.page\/wp-content\/uploads\/2023\/12\/IMG_6784-1024x1024.jpg\" alt=\"\" srcset=\"https:\/\/mizuho-tanaka.fr\/wp-content\/uploads\/2023\/12\/IMG_6784-1024x1024.jpg 1024w, https:\/\/mizuho-tanaka.fr\/wp-content\/uploads\/2023\/12\/IMG_6784-300x300.jpg 300w, https:\/\/mizuho-tanaka.fr\/wp-content\/uploads\/2023\/12\/IMG_6784-scaled-100x100.jpg 100w, https:\/\/mizuho-tanaka.fr\/wp-content\/uploads\/2023\/12\/IMG_6784-scaled-600x600.jpg 600w, https:\/\/mizuho-tanaka.fr\/wp-content\/uploads\/2023\/12\/IMG_6784-150x150.jpg 150w, https:\/\/mizuho-tanaka.fr\/wp-content\/uploads\/2023\/12\/IMG_6784-768x768.jpg 768w, https:\/\/mizuho-tanaka.fr\/wp-content\/uploads\/2023\/12\/IMG_6784-1536x1536.jpg 1536w, https:\/\/mizuho-tanaka.fr\/wp-content\/uploads\/2023\/12\/IMG_6784-2048x2048.jpg 2048w\" sizes=\"(max-width: 1024px) 100vw, 1024px\" \/><\/figure>\n<figure class=\"wp-block-image aligncenter size-large\"><img decoding=\"async\" width=\"768\" height=\"1024\" class=\"wp-image-150\" src=\"https:\/\/mizuho.54-37-30-71.plesk.page\/wp-content\/uploads\/2023\/12\/MIZUHO-TANAKA-JUIN-22-768x1024.jpeg\" alt=\"\" srcset=\"https:\/\/mizuho-tanaka.fr\/wp-content\/uploads\/2023\/12\/MIZUHO-TANAKA-JUIN-22-768x1023.jpeg 768w, https:\/\/mizuho-tanaka.fr\/wp-content\/uploads\/2023\/12\/MIZUHO-TANAKA-JUIN-22-300x400.jpeg 300w, https:\/\/mizuho-tanaka.fr\/wp-content\/uploads\/2023\/12\/MIZUHO-TANAKA-JUIN-22-600x800.jpeg 600w, https:\/\/mizuho-tanaka.fr\/wp-content\/uploads\/2023\/12\/MIZUHO-TANAKA-JUIN-22-225x300.jpeg 225w, https:\/\/mizuho-tanaka.fr\/wp-content\/uploads\/2023\/12\/MIZUHO-TANAKA-JUIN-22.jpeg 851w\" sizes=\"(max-width: 768px) 100vw, 768px\" \/><\/figure>\n<figure class=\"wp-block-image aligncenter size-large\"><img decoding=\"async\" width=\"768\" height=\"1024\" class=\"wp-image-148\" src=\"https:\/\/mizuho.54-37-30-71.plesk.page\/wp-content\/uploads\/2023\/12\/MISUHO-TANAKA-768x1024.jpg\" alt=\"\" srcset=\"https:\/\/mizuho-tanaka.fr\/wp-content\/uploads\/2023\/12\/MISUHO-TANAKA-768x1024.jpg 768w, https:\/\/mizuho-tanaka.fr\/wp-content\/uploads\/2023\/12\/MISUHO-TANAKA-scaled-300x400.jpg 300w, https:\/\/mizuho-tanaka.fr\/wp-content\/uploads\/2023\/12\/MISUHO-TANAKA-scaled-600x800.jpg 600w, https:\/\/mizuho-tanaka.fr\/wp-content\/uploads\/2023\/12\/MISUHO-TANAKA-225x300.jpg 225w, https:\/\/mizuho-tanaka.fr\/wp-content\/uploads\/2023\/12\/MISUHO-TANAKA-1152x1536.jpg 1152w, https:\/\/mizuho-tanaka.fr\/wp-content\/uploads\/2023\/12\/MISUHO-TANAKA-1536x2048.jpg 1536w, https:\/\/mizuho-tanaka.fr\/wp-content\/uploads\/2023\/12\/MISUHO-TANAKA-scaled.jpg 1920w\" sizes=\"(max-width: 768px) 100vw, 768px\" \/><\/figure>\n<figure class=\"wp-block-image aligncenter size-large\"><img decoding=\"async\" width=\"1024\" height=\"753\" class=\"wp-image-145\" src=\"https:\/\/mizuho.54-37-30-71.plesk.page\/wp-content\/uploads\/2023\/12\/IMG_1631-1024x753.jpg\" alt=\"\" srcset=\"https:\/\/mizuho-tanaka.fr\/wp-content\/uploads\/2023\/12\/IMG_1631-1024x753.jpg 1024w, https:\/\/mizuho-tanaka.fr\/wp-content\/uploads\/2023\/12\/IMG_1631-300x221.jpg 300w, https:\/\/mizuho-tanaka.fr\/wp-content\/uploads\/2023\/12\/IMG_1631-600x441.jpg 600w, https:\/\/mizuho-tanaka.fr\/wp-content\/uploads\/2023\/12\/IMG_1631-768x565.jpg 768w, https:\/\/mizuho-tanaka.fr\/wp-content\/uploads\/2023\/12\/IMG_1631-1536x1129.jpg 1536w, https:\/\/mizuho-tanaka.fr\/wp-content\/uploads\/2023\/12\/IMG_1631-2048x1506.jpg 2048w\" sizes=\"(max-width: 1024px) 100vw, 1024px\" \/><\/figure>\n<figure class=\"wp-block-image aligncenter size-large\"><img decoding=\"async\" width=\"683\" height=\"1024\" class=\"wp-image-151\" src=\"https:\/\/mizuho.54-37-30-71.plesk.page\/wp-content\/uploads\/2023\/12\/mizuho-tanaka-NUS-683x1024.jpg\" alt=\"\" srcset=\"https:\/\/mizuho-tanaka.fr\/wp-content\/uploads\/2023\/12\/mizuho-tanaka-NUS-683x1024.jpg 683w, https:\/\/mizuho-tanaka.fr\/wp-content\/uploads\/2023\/12\/mizuho-tanaka-NUS-scaled-300x450.jpg 300w, https:\/\/mizuho-tanaka.fr\/wp-content\/uploads\/2023\/12\/mizuho-tanaka-NUS-scaled-600x900.jpg 600w, https:\/\/mizuho-tanaka.fr\/wp-content\/uploads\/2023\/12\/mizuho-tanaka-NUS-200x300.jpg 200w, https:\/\/mizuho-tanaka.fr\/wp-content\/uploads\/2023\/12\/mizuho-tanaka-NUS-768x1152.jpg 768w, https:\/\/mizuho-tanaka.fr\/wp-content\/uploads\/2023\/12\/mizuho-tanaka-NUS-1024x1536.jpg 1024w, https:\/\/mizuho-tanaka.fr\/wp-content\/uploads\/2023\/12\/mizuho-tanaka-NUS-1365x2048.jpg 1365w, https:\/\/mizuho-tanaka.fr\/wp-content\/uploads\/2023\/12\/mizuho-tanaka-NUS-scaled.jpg 1707w\" sizes=\"(max-width: 683px) 100vw, 683px\" \/><\/figure>\n<figure class=\"wp-block-image aligncenter size-large\"><img decoding=\"async\" width=\"683\" height=\"1024\" class=\"wp-image-152\" src=\"https:\/\/mizuho.54-37-30-71.plesk.page\/wp-content\/uploads\/2023\/12\/mizuho-tanaka-683x1024.jpg\" alt=\"\" srcset=\"https:\/\/mizuho-tanaka.fr\/wp-content\/uploads\/2023\/12\/mizuho-tanaka-683x1024.jpg 683w, https:\/\/mizuho-tanaka.fr\/wp-content\/uploads\/2023\/12\/mizuho-tanaka-scaled-300x450.jpg 300w, https:\/\/mizuho-tanaka.fr\/wp-content\/uploads\/2023\/12\/mizuho-tanaka-scaled-600x900.jpg 600w, https:\/\/mizuho-tanaka.fr\/wp-content\/uploads\/2023\/12\/mizuho-tanaka-200x300.jpg 200w, https:\/\/mizuho-tanaka.fr\/wp-content\/uploads\/2023\/12\/mizuho-tanaka-768x1152.jpg 768w, https:\/\/mizuho-tanaka.fr\/wp-content\/uploads\/2023\/12\/mizuho-tanaka-1024x1536.jpg 1024w, https:\/\/mizuho-tanaka.fr\/wp-content\/uploads\/2023\/12\/mizuho-tanaka-1365x2048.jpg 1365w, https:\/\/mizuho-tanaka.fr\/wp-content\/uploads\/2023\/12\/mizuho-tanaka-scaled.jpg 1707w\" sizes=\"(max-width: 683px) 100vw, 683px\" \/><\/figure>\n<div class=\"contain-center\" style=\"text-align: right;\"><hr id=\"block-96371f21-7fbf-49eb-9fec-8b780184cf3b\" class=\"wp-block-separator has-alpha-channel-opacity\" \/><\/div><section class=\"contain\">\n\t<div class=\"sub-contain\">\n\t\t<h1>Solo Exhibitions<\/h1>\n\t\t<div class=\"text\">\n\t\t\t<p class=\"text-left\">2023 5 June \u2013 25 July<\/p>\n\t\t\t<p class=\"text-right\">Sent\u00f4 Paris 75006 Paris<\/p>\n\t\t<\/div>\n\t\t<div class=\"text\">\n\t\t\t<p class=\"text-left\">2022 7 June- 25 July<\/p>\n\t\t\t<p class=\"text-right\">Sent\u00f4 Paris 75006<\/p>\n\t\t<\/div>\n\t\t<div class=\"text\">\n\t\t\t<p class=\"text-left\">2021 2-29 November<\/p>\n\t\t\t<p class=\"text-right\">Sent\u00f4 Paris 75006 Paris<\/p>\n\t\t<\/div>\n\t\t<div class=\"text\">\n\t\t\t<p class=\"text-left\">2020 2 June \u2013 18 July<\/p>\n\t\t\t<p class=\"text-right\">Sent\u00f4 Paris 75006 Paris<\/p>\n\t\t<\/div>\n\t\t<div class=\"text\">\n\t\t\t<p class=\"text-left\">2020 22 February- 8 March<\/p>\n\t\t\t<p class=\"text-right\">The galery Atelier Thy Than 95390 Saint-Prix<br> \n\t\t\t\tun air de nature<\/p>\n\t\t<\/div>\n\t\t<div class=\"text\">\n\t\t\t<p class=\"text-left\">2019 4 June \u2013 29 June<\/p>\n\t\t\t<p class=\"text-right\">Sent\u00f4 Paris 75006 Paris <br>\n\t\t\t\tCouleur de Femme<\/p>\n\t\t<\/div>\n\t\t<div class=\"text\">\n\t\t\t<p class=\"text-left\">2018 3 October -3 November<\/p>\n\t\t\t<p class=\"text-right\">Sent\u00f4 Paris 75006 Paris<br>\n\t\t\t\tRegard de Femme<\/p>\n\t\t<\/div>\n\t\t\n\t<\/div>\n\t<div class=\"sub-contain\">\n\t\t<h1>Group Exhibitions<\/h1>\n\t\t<div class=\"text\">\n\t\t\t<p class=\"text-left\">2023 18-25 November<\/p>\n\t\t\t<p class=\"text-right\">Galerie Choiseul 75002 Paris\n\t\t\t\tExhibition No\u00ebl No\u00ebl No\u00ebl NAC (Nihonjinkai Artists Club)<\/p>\n\t\t<\/div>\n\t\t<div class=\"text\">\n\t\t\t<p class=\"text-left\">2022-2023 17 November-15 January<\/p>\n\t\t\t<p class=\"text-right\">Galerie Grand Monde 75011 Paris <br>\n\t\t\t\tExhibition No\u00ebl No\u00ebl No\u00ebl NAC (Nihonjinkai Artists Club)<\/p>\n\t\t<\/div>\n\t\t<div class=\"text\">\n\t\t\t<p class=\"text-left\">2022 7- 22 January<\/p>\n\t\t\t<p class=\"text-right\">Espace Culturel Bertin Poir\u00e9e 75001 Paris\n\t\t\t\tNAC 2022 Exhibition nouvel an Artiste Japonais<\/p>\n\t\t<\/div>\n\t\t<div class=\"text\">\n\t\t\t<p class=\"text-left\">2021 25 Mai \u2013 1 June<\/p>\n\t\t\t<p class=\"text-right\">Galerie Etienne de Causans 75006 Paris\n\t\t\t\tPremier Salon de Artistes Japonais<\/p>\n\t\t<\/div>\n\t\t<div class=\"text\">\n\t\t\t<p class=\"text-left\">2020 25 August \u2013 26 September\u00a0\u00a0<\/p>\n\t\t\t<p class=\"text-right\">Sent\u00f4 Paris 75006 Paris\n\t\t\t\tDuo exhibition with Juliette Dunoyer\u00a0<\/p>\n\t\t<\/div>\n\t\t<div class=\"text\">\n\t\t\t<p class=\"text-left\">2022 29 November &#8211; 4 December\u00a0 \u00a0<\/p>\n\t\t\t<p class=\"text-right\">Galerie Grand Monde 75011 Paris\n\t\t\t\tExposition No\u00ebl No\u00ebl No\u00ebl NAC (Nihonjinkai Artists Club)<\/p>\n\t\t<\/div>\n\t\t<div class=\"text\">\n\t\t\t<p class=\"text-left\">2019 27 June-11 July<\/p>\n\t\t\t<p class=\"text-right\">Maison de la culture du Japon \u00e0 Paris 75015 Paris\n\t\t\t\tla 13 \u00e8re Biennale NAC Exhibition de 50 artistes Japonais resident en France<\/p>\n\t\t<\/div>\n\t<\/div>\n\t<div class=\"sub-contain\">\n\t\t<h1>Studies<\/h1>\n\t\t<div class=\"text\">\n\t\t\t<p class=\"text-left\">2015-2017<\/p>\n\t\t\t<p class=\"text-right\">Acad\u00e9mie de la grande Chaumi\u00e8re live-model drawing and painting classes with Laurent Cattaneo<\/p>\n\t\t<\/div>\n\t\t<div class=\"text\">\n\t\t\t<p class=\"text-left\">1982<\/p>\n\t\t\t<p class=\"text-right\">Graduated from WASEDA University in Tokyo. Honours degree in\n\t\t\t\tHistory of Fine Arts<\/p>\n\t\t<\/div>\n\t<\/div>\n  <\/section>","protected":false},"excerpt":{"rendered":"<p>Solo Exhibitions 2023 5 June \u2013 25 July Sent\u00f4 Paris 75006 Paris 2022 7 June- 25 July Sent\u00f4 Paris 75006 2021 2-29 November Sent\u00f4 Paris 75006 Paris 2020 2 June \u2013 18 July Sent\u00f4 Paris 75006 Paris 2020 22 February- 8 March The galery Atelier Thy Than 95390 Saint-Prix un air de nature 2019 4 June \u2013 29 June Sent\u00f4 Paris 75006 Paris Couleur de Femme 2018 3 October -3 November Sent\u00f4 Paris 75006 Paris Regard de Femme Group Exhibitions 2023 18-25 November Galerie Choiseul 75002 Paris Exhibition No\u00ebl No\u00ebl No\u00ebl NAC (Nihonjinkai Artists Club) 2022-2023 17 November-15 January Galerie Grand Monde 75011 Paris Exhibition No\u00ebl No\u00ebl No\u00ebl NAC (Nihonjinkai &hellip;<\/p>","protected":false},"author":1,"featured_media":0,"parent":0,"menu_order":0,"comment_status":"closed","ping_status":"closed","template":"","meta":{"footnotes":""},"class_list":["post-10","page","type-page","status-publish","hentry"],"_links":{"self":[{"href":"https:\/\/mizuho-tanaka.fr\/ja\/wp-json\/wp\/v2\/pages\/10","targetHints":{"allow":["GET"]}}],"collection":[{"href":"https:\/\/mizuho-tanaka.fr\/ja\/wp-json\/wp\/v2\/pages"}],"about":[{"href":"https:\/\/mizuho-tanaka.fr\/ja\/wp-json\/wp\/v2\/types\/page"}],"author":[{"embeddable":true,"href":"https:\/\/mizuho-tanaka.fr\/ja\/wp-json\/wp\/v2\/users\/1"}],"replies":[{"embeddable":true,"href":"https:\/\/mizuho-tanaka.fr\/ja\/wp-json\/wp\/v2\/comments?post=10"}],"version-history":[{"count":49,"href":"https:\/\/mizuho-tanaka.fr\/ja\/wp-json\/wp\/v2\/pages\/10\/revisions"}],"predecessor-version":[{"id":1145,"href":"https:\/\/mizuho-tanaka.fr\/ja\/wp-json\/wp\/v2\/pages\/10\/revisions\/1145"}],"wp:attachment":[{"href":"https:\/\/mizuho-tanaka.fr\/ja\/wp-json\/wp\/v2\/media?parent=10"}],"curies":[{"name":"wp","href":"https:\/\/api.w.org\/{rel}","templated":true}]}}